{"id":20,"date":"2025-05-06T10:32:50","date_gmt":"2025-05-06T08:32:50","guid":{"rendered":"https:\/\/balonoweshow.pl\/?page_id=20"},"modified":"2025-05-16T15:09:27","modified_gmt":"2025-05-16T13:09:27","slug":"o-nas","status":"publish","type":"page","link":"https:\/\/balonoweshow.pl\/?page_id=20","title":{"rendered":"O mnie"},"content":{"rendered":"<p>Mam na imi\u0119 Kasia i specjalizuj\u0119 si\u0119 w tworzeniu \u015bcianek oraz dekoracji balonowych na r\u00f3\u017cnorodne okazje \u2013 od urodzin, chrzcin i wesel, po eventy firmowe i jubileusze. Ka\u017cda realizacja to dla mnie nie tylko praca, ale przede wszystkim pasja, kt\u00f3r\u0105 z zaanga\u017cowaniem rozwijam ka\u017cdego dnia.<br \/>\nPosiadam uko\u0144czony kurs dekoracji balonowych, co pozwala mi \u0142\u0105czy\u0107 kreatywno\u015b\u0107 z profesjonalnym podej\u015bciem do ka\u017cdego projektu. Ogromn\u0105 wag\u0119 przywi\u0105zuj\u0119 do jako\u015bci, estetyki i dba\u0142o\u015bci o najmniejsze detale, tak aby ka\u017cda dekoracja by\u0142a wyj\u0105tkowa i dopasowana do charakteru wydarzenia.<br \/>\nMoj\u0105 misj\u0105 jest tworzenie niepowtarzalnych aran\u017cacji, kt\u00f3re podkre\u015blaj\u0105 wyj\u0105tkowo\u015b\u0107 ka\u017cdej chwili i zostaj\u0105 w pami\u0119ci na d\u0142ugo.<\/p>\n<p>Z przyjemno\u015bci\u0105 pomog\u0119 Ci stworzy\u0107 niezapomnian\u0105 opraw\u0119 Twojego wydarzenia.<\/p>\n","protected":false},"excerpt":{"rendered":"<p>Mam na imi\u0119 Kasia i specjalizuj\u0119 si\u0119 w tworzeniu \u015bcianek oraz dekoracji balonowych na r\u00f3\u017cnorodne &hellip; <\/p>\n","protected":false},"author":2,"featured_media":0,"parent":0,"menu_order":0,"comment_status":"closed","ping_status":"closed","template":"","meta":{"footnotes":""},"class_list":["post-20","page","type-page","status-publish","hentry","latest_post"],"jetpack_sharing_enabled":true,"_links":{"self":[{"href":"https:\/\/balonoweshow.pl\/index.php?rest_route=\/wp\/v2\/pages\/20","targetHints":{"allow":["GET"]}}],"collection":[{"href":"https:\/\/balonoweshow.pl\/index.php?rest_route=\/wp\/v2\/pages"}],"about":[{"href":"https:\/\/balonoweshow.pl\/index.php?rest_route=\/wp\/v2\/types\/page"}],"author":[{"embeddable":true,"href":"https:\/\/balonoweshow.pl\/index.php?rest_route=\/wp\/v2\/users\/2"}],"replies":[{"embeddable":true,"href":"https:\/\/balonoweshow.pl\/index.php?rest_route=%2Fwp%2Fv2%2Fcomments&post=20"}],"version-history":[{"count":4,"href":"https:\/\/balonoweshow.pl\/index.php?rest_route=\/wp\/v2\/pages\/20\/revisions"}],"predecessor-version":[{"id":149,"href":"https:\/\/balonoweshow.pl\/index.php?rest_route=\/wp\/v2\/pages\/20\/revisions\/149"}],"wp:attachment":[{"href":"https:\/\/balonoweshow.pl\/index.php?rest_route=%2Fwp%2Fv2%2Fmedia&parent=20"}],"curies":[{"name":"wp","href":"https:\/\/api.w.org\/{rel}","templated":true}]}}